{"id":4370,"date":"2024-10-21T22:41:57","date_gmt":"2024-10-21T20:41:57","guid":{"rendered":"https:\/\/selected-dk.wdwc.dev\/karriere\/"},"modified":"2025-09-17T10:35:44","modified_gmt":"2025-09-17T08:35:44","slug":"karriere","status":"publish","type":"page","link":"https:\/\/selected-dk.wdwc.dev\/se\/karriere\/","title":{"rendered":"Karri\u00e4r"},"content":{"rendered":"","protected":false},"excerpt":{"rendered":"","protected":false},"author":4,"featured_media":0,"parent":0,"menu_order":0,"comment_status":"closed","ping_status":"closed","template":"","meta":{"_acf_changed":false,"content-type":"","footnotes":""},"class_list":["post-4370","page","type-page","status-publish","hentry"],"acf":[],"yoast_head":"<!-- This site is optimized with the Yoast SEO plugin v25.9 - https:\/\/yoast.com\/wordpress\/plugins\/seo\/ -->\n<title>Selected Group<\/title>\n<meta name=\"description\" content=\"\u00c4r du nyfiken p\u00e5 en karri\u00e4r hos Selected Group kan du l\u00e4sa mer nedan samt se v\u00e5ra lediga tj\u00e4nster\" \/>\n<meta name=\"robots\" content=\"noindex, follow, max-snippet:-1, max-image-preview:large, max-video-preview:-1\" \/>\n<meta property=\"og:locale\" content=\"en_US\" \/>\n<meta property=\"og:type\" content=\"article\" \/>\n<meta property=\"og:title\" content=\"Karri\u00e4r - Selected Group\" \/>\n<meta property=\"og:description\" content=\"\u00c4r du nyfiken p\u00e5 en karri\u00e4r hos Selected Group kan du l\u00e4sa mer nedan samt se v\u00e5ra lediga tj\u00e4nster\" \/>\n<meta property=\"og:url\" content=\"https:\/\/selected-dk.wdwc.dev\/se\/karriere\/\" \/>\n<meta property=\"og:site_name\" content=\"Selected Group\" \/>\n<meta property=\"article:modified_time\" content=\"2025-09-17T08:35:44+00:00\" \/>\n<meta property=\"og:image\" content=\"https:\/\/selected-dk.wdwc.dev\/wp-content\/uploads\/2024\/05\/green-ventures-1-1024x598.png\" \/>\n\t<meta property=\"og:image:width\" content=\"1024\" \/>\n\t<meta property=\"og:image:height\" content=\"598\" \/>\n\t<meta property=\"og:image:type\" content=\"image\/png\" \/>\n<meta name=\"twitter:card\" content=\"summary_large_image\" \/>\n<meta name=\"twitter:label1\" content=\"Est. reading time\" \/>\n\t<meta name=\"twitter:data1\" content=\"1 minute\" \/>\n<script type=\"application\/ld+json\" class=\"yoast-schema-graph\">{\"@context\":\"https:\/\/schema.org\",\"@graph\":[{\"@type\":\"WebPage\",\"@id\":\"https:\/\/selected-dk.wdwc.dev\/se\/karriere\/\",\"url\":\"https:\/\/selected-dk.wdwc.dev\/se\/karriere\/\",\"name\":\"Karri\u00e4r - Selected Group\",\"isPartOf\":{\"@id\":\"https:\/\/selected-dk.wdwc.dev\/se\/#website\"},\"datePublished\":\"2024-10-21T20:41:57+00:00\",\"dateModified\":\"2025-09-17T08:35:44+00:00\",\"description\":\"\u00c4r du nyfiken p\u00e5 en karri\u00e4r hos Selected Group kan du l\u00e4sa mer nedan samt se v\u00e5ra lediga tj\u00e4nster\",\"breadcrumb\":{\"@id\":\"https:\/\/selected-dk.wdwc.dev\/se\/karriere\/#breadcrumb\"},\"inLanguage\":\"se-SE\",\"potentialAction\":[{\"@type\":\"ReadAction\",\"target\":[\"https:\/\/selected-dk.wdwc.dev\/se\/karriere\/\"]}]},{\"@type\":\"BreadcrumbList\",\"@id\":\"https:\/\/selected-dk.wdwc.dev\/se\/karriere\/#breadcrumb\",\"itemListElement\":[{\"@type\":\"ListItem\",\"position\":1,\"name\":\"Hjem\",\"item\":\"https:\/\/selected-dk.wdwc.dev\/se\/\"},{\"@type\":\"ListItem\",\"position\":2,\"name\":\"Karri\u00e4r\"}]},{\"@type\":\"WebSite\",\"@id\":\"https:\/\/selected-dk.wdwc.dev\/se\/#website\",\"url\":\"https:\/\/selected-dk.wdwc.dev\/se\/\",\"name\":\"Selected Group\",\"description\":\"\",\"potentialAction\":[{\"@type\":\"SearchAction\",\"target\":{\"@type\":\"EntryPoint\",\"urlTemplate\":\"https:\/\/selected-dk.wdwc.dev\/se\/?s={search_term_string}\"},\"query-input\":{\"@type\":\"PropertyValueSpecification\",\"valueRequired\":true,\"valueName\":\"search_term_string\"}}],\"inLanguage\":\"se-SE\"}]}<\/script>\n<!-- \/ Yoast SEO plugin. -->","yoast_head_json":{"title":"Selected Group","description":"\u00c4r du nyfiken p\u00e5 en karri\u00e4r hos Selected Group kan du l\u00e4sa mer nedan samt se v\u00e5ra lediga tj\u00e4nster","robots":{"index":"noindex","follow":"follow","max-snippet":"max-snippet:-1","max-image-preview":"max-image-preview:large","max-video-preview":"max-video-preview:-1"},"og_locale":"en_US","og_type":"article","og_title":"Karri\u00e4r - Selected Group","og_description":"\u00c4r du nyfiken p\u00e5 en karri\u00e4r hos Selected Group kan du l\u00e4sa mer nedan samt se v\u00e5ra lediga tj\u00e4nster","og_url":"https:\/\/selected-dk.wdwc.dev\/se\/karriere\/","og_site_name":"Selected Group","article_modified_time":"2025-09-17T08:35:44+00:00","og_image":[{"width":1024,"height":598,"url":"https:\/\/selected-dk.wdwc.dev\/wp-content\/uploads\/2024\/05\/green-ventures-1-1024x598.png","type":"image\/png"}],"twitter_card":"summary_large_image","twitter_misc":{"Est. reading time":"1 minute"},"schema":{"@context":"https:\/\/schema.org","@graph":[{"@type":"WebPage","@id":"https:\/\/selected-dk.wdwc.dev\/se\/karriere\/","url":"https:\/\/selected-dk.wdwc.dev\/se\/karriere\/","name":"Karri\u00e4r - Selected Group","isPartOf":{"@id":"https:\/\/selected-dk.wdwc.dev\/se\/#website"},"datePublished":"2024-10-21T20:41:57+00:00","dateModified":"2025-09-17T08:35:44+00:00","description":"\u00c4r du nyfiken p\u00e5 en karri\u00e4r hos Selected Group kan du l\u00e4sa mer nedan samt se v\u00e5ra lediga tj\u00e4nster","breadcrumb":{"@id":"https:\/\/selected-dk.wdwc.dev\/se\/karriere\/#breadcrumb"},"inLanguage":"se-SE","potentialAction":[{"@type":"ReadAction","target":["https:\/\/selected-dk.wdwc.dev\/se\/karriere\/"]}]},{"@type":"BreadcrumbList","@id":"https:\/\/selected-dk.wdwc.dev\/se\/karriere\/#breadcrumb","itemListElement":[{"@type":"ListItem","position":1,"name":"Hjem","item":"https:\/\/selected-dk.wdwc.dev\/se\/"},{"@type":"ListItem","position":2,"name":"Karri\u00e4r"}]},{"@type":"WebSite","@id":"https:\/\/selected-dk.wdwc.dev\/se\/#website","url":"https:\/\/selected-dk.wdwc.dev\/se\/","name":"Selected Group","description":"","potentialAction":[{"@type":"SearchAction","target":{"@type":"EntryPoint","urlTemplate":"https:\/\/selected-dk.wdwc.dev\/se\/?s={search_term_string}"},"query-input":{"@type":"PropertyValueSpecification","valueRequired":true,"valueName":"search_term_string"}}],"inLanguage":"se-SE"}]}},"_links":{"self":[{"href":"https:\/\/selected-dk.wdwc.dev\/se\/wp-json\/wp\/v2\/pages\/4370","targetHints":{"allow":["GET"]}}],"collection":[{"href":"https:\/\/selected-dk.wdwc.dev\/se\/wp-json\/wp\/v2\/pages"}],"about":[{"href":"https:\/\/selected-dk.wdwc.dev\/se\/wp-json\/wp\/v2\/types\/page"}],"author":[{"embeddable":true,"href":"https:\/\/selected-dk.wdwc.dev\/se\/wp-json\/wp\/v2\/users\/4"}],"replies":[{"embeddable":true,"href":"https:\/\/selected-dk.wdwc.dev\/se\/wp-json\/wp\/v2\/comments?post=4370"}],"version-history":[{"count":7,"href":"https:\/\/selected-dk.wdwc.dev\/se\/wp-json\/wp\/v2\/pages\/4370\/revisions"}],"predecessor-version":[{"id":5248,"href":"https:\/\/selected-dk.wdwc.dev\/se\/wp-json\/wp\/v2\/pages\/4370\/revisions\/5248"}],"wp:attachment":[{"href":"https:\/\/selected-dk.wdwc.dev\/se\/wp-json\/wp\/v2\/media?parent=4370"}],"curies":[{"name":"wp","href":"https:\/\/api.w.org\/{rel}","templated":true}]}}